{"id":1390,"date":"2016-06-23T11:12:53","date_gmt":"2016-06-23T09:12:53","guid":{"rendered":"https:\/\/riscossa.gr\/ueber-uns\/"},"modified":"2025-10-02T22:16:25","modified_gmt":"2025-10-02T20:16:25","slug":"ueber-uns","status":"publish","type":"page","link":"https:\/\/riscossa.gr\/de\/ueber-uns\/","title":{"rendered":"\u00dcber uns"},"content":{"rendered":"<div class=\"wpb-content-wrapper\"><p>[vc_row css=&#8220;.vc_custom_1711022144101{padding-top: 70px !important;padding-bottom: 70px !important;}&#8220;][vc_column]<div id=\"ultimate-heading-295369f30beef3afc\" class=\"uvc-heading ult-adjust-bottom-margin ultimate-heading-295369f30beef3afc uvc-6112 accent-border-color\" data-hspacer=\"line_only\"  data-halign=\"left\" style=\"text-align:left\"><div class=\"uvc-main-heading ult-responsive\"  data-ultimate-target='.uvc-heading.ultimate-heading-295369f30beef3afc h2'  data-responsive-json-new='{\"font-size\":\"desktop:26px;\",\"line-height\":\"desktop:36px;\"}' ><h2 style=\"font-weight:bold;\">Was wir anbieten<\/h2><\/div><div class=\"uvc-heading-spacer line_only\" style=\"margin-top:15px;margin-bottom:50px;height:4px;\"><span class=\"uvc-headings-line\" style=\"border-style:solid;border-bottom-width:4px;border-color:;width:50px;\"><\/span><\/div><\/div>[vc_column_text css=&#8220;&#8220;]<\/p>\n<p class=\"\" data-start=\"415\" data-end=\"485\"><strong data-start=\"415\" data-end=\"485\">Die Kraft hinter dem Erfolg kleiner und mittlerer Lebensmittelproduzenten<\/strong><\/p>\n<p class=\"\" data-start=\"487\" data-end=\"822\">Bei <strong data-start=\"492\" data-end=\"508\">Riscossa Ltd<\/strong> (Handelsregisternummer 129232701000) unterst\u00fctzen wir seit 2014 kleine und mittlere Unternehmen der Lebensmittelbranche dabei, zu wachsen, Innovationen zu entwickeln und sich abzuheben.<br data-start=\"637\" data-end=\"640\">Wir bieten umfassende Dienstleistungen in den Bereichen <strong data-start=\"676\" data-end=\"683\">F&amp;E<\/strong>, <strong data-start=\"685\" data-end=\"719\">technische Produktionsunterst\u00fctzung<\/strong>, <strong data-start=\"721\" data-end=\"745\">Rohstoffhandel<\/strong> und <strong data-start=\"750\" data-end=\"767\">kundenspezifische L\u00f6sungen<\/strong>, die auf die tats\u00e4chlichen Bed\u00fcrfnisse jedes unserer Partner zugeschnitten sind.<\/p>\n<p class=\"\" data-start=\"824\" data-end=\"853\"><strong data-start=\"824\" data-end=\"851\">Was uns auszeichnet:<\/strong><\/p>\n<ul data-start=\"854\" data-end=\"1227\">\n<li class=\"\" data-start=\"854\" data-end=\"954\">\n<p class=\"\" data-start=\"856\" data-end=\"954\">Wir kombinieren <strong data-start=\"868\" data-end=\"883\">Know-how<\/strong> und <strong data-start=\"888\" data-end=\"909\">praktische Erfahrung<\/strong>, um sofort umsetzbare L\u00f6sungen zu finden.<\/p>\n<\/li>\n<li class=\"\" data-start=\"955\" data-end=\"1033\">\n<p class=\"\" data-start=\"957\" data-end=\"1033\">Wir entwickeln <strong data-start=\"970\" data-end=\"992\">innovative Produkte<\/strong>, die neue Gesch\u00e4ftsm\u00f6glichkeiten er\u00f6ffnen.<\/p>\n<\/li>\n<li class=\"\" data-start=\"1034\" data-end=\"1134\">\n<p class=\"\" data-start=\"1036\" data-end=\"1134\">Wir verbessern <strong data-start=\"1048\" data-end=\"1096\">die Produktionseffizienz und -qualit\u00e4t<\/strong> mit gezielten Vorschl\u00e4gen und Materialien.<\/p>\n<\/li>\n<li class=\"\" data-start=\"1135\" data-end=\"1227\">\n<p class=\"\" data-start=\"1137\" data-end=\"1227\">Wir st\u00e4rken <strong data-start=\"1148\" data-end=\"1173\">die Wettbewerbsf\u00e4higkeit<\/strong> unserer Kunden in einem dynamischen und anspruchsvollen Markt.<\/p>\n<\/li>\n<\/ul>\n<p class=\"\" data-start=\"1229\" data-end=\"1427\"><strong data-start=\"1231\" data-end=\"1247\">Riscossa Ltd<\/strong> ist nicht nur ein Lieferant oder Berater.<br data-start=\"1297\" data-end=\"1300\">Wir sind der Partner, der Sie in jeder Phase begleitet: von der Ideenfindung bis zur erfolgreichen Markteinf\u00fchrung.<\/p>\n<p class=\"\" data-start=\"1429\" data-end=\"1605\">Mit derselben Philosophie unterst\u00fctzen wir Initiativen wie <strong data-start=\"1484\" data-end=\"1500\">TrueTaste.gr<\/strong>, die kleine Produzenten und Qualit\u00e4tsprodukte einem breiten Publikum zug\u00e4nglich machen \u2013 vom Labor bis ins Regal.<\/p>\n<p class=\"\" data-start=\"1607\" data-end=\"1702\"><strong data-start=\"1607\" data-end=\"1702\">Riscossa Ltd \u2014 Wissen, Technologie und Kreativit\u00e4t f\u00fcr Ihr Wachstum!<\/strong><\/p>\n<p>[\/vc_column_text][\/vc_column][\/vc_row]<\/p>\n<\/div>","protected":false},"excerpt":{"rendered":"<p>[vc_row css=&#8220;.vc_custom_1711022144101{padding-top: 70px !important;padding-bottom: 70px !important;}&#8220;][vc_column][vc_column_text css=&#8220;&#8220;] Die Kraft hinter dem Erfolg kleiner und mittlerer Lebensmittelproduzenten Bei Riscossa Ltd (Handelsregisternummer 129232701000) unterst\u00fctzen wir seit 2014 kleine und mittlere Unternehmen der Lebensmittelbranche dabei, zu wachsen, Innovationen zu entwickeln und sich abzuheben.Wir bieten umfassende Dienstleistungen in den Bereichen F&amp;E, technische Produktionsunterst\u00fctzung, Rohstoffhandel und kundenspezifische L\u00f6sungen, die auf&hellip;<\/p>\n","protected":false},"author":1,"featured_media":0,"parent":0,"menu_order":1,"comment_status":"closed","ping_status":"closed","template":"","meta":{"footnotes":""},"class_list":["post-1390","page","type-page","status-publish","hentry","description-off"],"_links":{"self":[{"href":"https:\/\/riscossa.gr\/de\/wp-json\/wp\/v2\/pages\/1390","targetHints":{"allow":["GET"]}}],"collection":[{"href":"https:\/\/riscossa.gr\/de\/wp-json\/wp\/v2\/pages"}],"about":[{"href":"https:\/\/riscossa.gr\/de\/wp-json\/wp\/v2\/types\/page"}],"author":[{"embeddable":true,"href":"https:\/\/riscossa.gr\/de\/wp-json\/wp\/v2\/users\/1"}],"replies":[{"embeddable":true,"href":"https:\/\/riscossa.gr\/de\/wp-json\/wp\/v2\/comments?post=1390"}],"version-history":[{"count":5,"href":"https:\/\/riscossa.gr\/de\/wp-json\/wp\/v2\/pages\/1390\/revisions"}],"predecessor-version":[{"id":1528,"href":"https:\/\/riscossa.gr\/de\/wp-json\/wp\/v2\/pages\/1390\/revisions\/1528"}],"wp:attachment":[{"href":"https:\/\/riscossa.gr\/de\/wp-json\/wp\/v2\/media?parent=1390"}],"curies":[{"name":"wp","href":"https:\/\/api.w.org\/{rel}","templated":true}]}}