{"id":1411,"date":"2016-06-14T01:53:06","date_gmt":"2016-06-13T23:53:06","guid":{"rendered":"https:\/\/riscossa.gr\/startseite\/"},"modified":"2025-10-02T19:46:31","modified_gmt":"2025-10-02T17:46:31","slug":"startseite","status":"publish","type":"page","link":"https:\/\/riscossa.gr\/de\/","title":{"rendered":"Startseite"},"content":{"rendered":"<div class=\"wpb-content-wrapper\"><p>[vc_row equal_height=&#8220;yes&#8220; type=&#8220;vc_default&#8220; css=&#8220;.vc_custom_1493832879938{padding-top: 70px !important;padding-bottom: 30px !important;}&#8220;][vc_column]<div id=\"ultimate-heading-276369dfe7db18e03\" class=\"uvc-heading ult-adjust-bottom-margin ultimate-heading-276369dfe7db18e03 uvc-9977 accent-border-color\" data-hspacer=\"line_only\"  data-halign=\"left\" style=\"text-align:left\"><div class=\"uvc-main-heading ult-responsive\"  data-ultimate-target='.uvc-heading.ultimate-heading-276369dfe7db18e03 h2'  data-responsive-json-new='{\"font-size\":\"desktop:26px;\",\"line-height\":\"desktop:36px;\"}' ><h2 style=\"font-weight:bold;\">Riscossa<\/h2><\/div><div class=\"uvc-heading-spacer line_only\" style=\"margin-top:15px;margin-bottom:50px;height:4px;\"><span class=\"uvc-headings-line\" style=\"border-style:solid;border-bottom-width:4px;border-color:;width:50px;\"><\/span><\/div><\/div>[vc_column_text css=&#8220;&#8220;]<\/p>\n<p class=\"\" data-start=\"471\" data-end=\"531\"><strong data-start=\"471\" data-end=\"529\">Riscossa Ltd \u2014 Expertise &amp; Innovation in der Lebensmittelindustrie<\/strong><\/p>\n<p class=\"\" data-start=\"533\" data-end=\"897\">Bei <strong data-start=\"538\" data-end=\"554\">Riscossa Ltd<\/strong> gestalten wir die Zukunft der Lebensmittelindustrie, an der Seite kleiner und mittlerer Unternehmen, die vorankommen wollen.<br data-start=\"669\" data-end=\"672\">Seit 2014 bieten wir <strong data-start=\"695\" data-end=\"727\">spezialisierte F&amp;E-Dienstleistungen<\/strong>, <strong data-start=\"729\" data-end=\"757\">Produktionsoptimierung<\/strong>, <strong data-start=\"759\" data-end=\"791\">L\u00f6sung technischer Probleme<\/strong> und <strong data-start=\"796\" data-end=\"819\">Rohstoffhandel<\/strong> an, mit einer einzigen Mission: Herausforderungen in Wachstumschancen zu verwandeln.<\/p>\n<p class=\"\" data-start=\"899\" data-end=\"1161\">Wir entwickeln <strong data-start=\"911\" data-end=\"956\">Produkte und L\u00f6sungen exklusiv f\u00fcr Sie<\/strong>, basierend auf Ihren Bed\u00fcrfnissen und den Marktperspektiven. Wir kombinieren Fachwissen, Innovation und strategisches Denken, um ma\u00dfgeblich zur <strong data-start=\"1105\" data-end=\"1140\">Entwicklung und zum nachhaltigen Wachstum<\/strong> Ihres Unternehmens beizutragen. <\/p>\n<p class=\"\" data-start=\"1163\" data-end=\"1244\"><strong data-start=\"1163\" data-end=\"1244\">Wir sind mehr als nur Berater \u2013 wir sind Ihr Partner f\u00fcr den Erfolg.<\/strong><\/p>\n<p class=\"\" data-start=\"1246\" data-end=\"1479\">Die <strong data-start=\"1248\" data-end=\"1264\">Riscossa Ltd<\/strong> unterst\u00fctzt auch Initiativen wie <strong data-start=\"1302\" data-end=\"1318\">TrueTaste.gr<\/strong>, die hochwertige Lebensmittel und deren Hersteller n\u00e4her an das Publikum bringen und beweisen, dass das richtige Know-how Br\u00fccken vom Produzenten bis ins Regal schl\u00e4gt.<\/p>\n<p class=\"\" data-start=\"1481\" data-end=\"1585\"><strong data-start=\"1481\" data-end=\"1497\">Riscossa Ltd<\/strong> \u2013 Wo Technologie, Erfahrung und Kreativit\u00e4t den Geschmack des Erfolgs treffen.<\/p>\n<p>[\/vc_column_text][vc_empty_space][\/vc_column][\/vc_row]<\/p>\n<\/div>","protected":false},"excerpt":{"rendered":"<p>[vc_row equal_height=&#8220;yes&#8220; type=&#8220;vc_default&#8220; css=&#8220;.vc_custom_1493832879938{padding-top: 70px !important;padding-bottom: 30px !important;}&#8220;][vc_column][vc_column_text css=&#8220;&#8220;] Riscossa Ltd \u2014 Expertise &amp; Innovation in der Lebensmittelindustrie Bei Riscossa Ltd gestalten wir die Zukunft der Lebensmittelindustrie, an der Seite kleiner und mittlerer Unternehmen, die vorankommen wollen.Seit 2014 bieten wir spezialisierte F&amp;E-Dienstleistungen, Produktionsoptimierung, L\u00f6sung technischer Probleme und Rohstoffhandel an, mit einer einzigen Mission: Herausforderungen in&hellip;<\/p>\n","protected":false},"author":1,"featured_media":0,"parent":0,"menu_order":0,"comment_status":"closed","ping_status":"closed","template":"","meta":{"footnotes":""},"class_list":["post-1411","page","type-page","status-publish","hentry","description-off"],"_links":{"self":[{"href":"https:\/\/riscossa.gr\/de\/wp-json\/wp\/v2\/pages\/1411","targetHints":{"allow":["GET"]}}],"collection":[{"href":"https:\/\/riscossa.gr\/de\/wp-json\/wp\/v2\/pages"}],"about":[{"href":"https:\/\/riscossa.gr\/de\/wp-json\/wp\/v2\/types\/page"}],"author":[{"embeddable":true,"href":"https:\/\/riscossa.gr\/de\/wp-json\/wp\/v2\/users\/1"}],"replies":[{"embeddable":true,"href":"https:\/\/riscossa.gr\/de\/wp-json\/wp\/v2\/comments?post=1411"}],"version-history":[{"count":2,"href":"https:\/\/riscossa.gr\/de\/wp-json\/wp\/v2\/pages\/1411\/revisions"}],"predecessor-version":[{"id":1415,"href":"https:\/\/riscossa.gr\/de\/wp-json\/wp\/v2\/pages\/1411\/revisions\/1415"}],"wp:attachment":[{"href":"https:\/\/riscossa.gr\/de\/wp-json\/wp\/v2\/media?parent=1411"}],"curies":[{"name":"wp","href":"https:\/\/api.w.org\/{rel}","templated":true}]}}