{"id":1435,"date":"2016-06-21T22:38:18","date_gmt":"2016-06-21T20:38:18","guid":{"rendered":"https:\/\/riscossa.gr\/dienstleistungen\/"},"modified":"2025-10-02T19:46:47","modified_gmt":"2025-10-02T17:46:47","slug":"dienstleistungen","status":"publish","type":"page","link":"https:\/\/riscossa.gr\/de\/dienstleistungen\/","title":{"rendered":"Dienstleistungen"},"content":{"rendered":"<div class=\"wpb-content-wrapper\"><p>[vc_row full_width=&#8220;stretch_row&#8220; equal_height=&#8220;yes&#8220; type=&#8220;vc_default&#8220; css=&#8220;.vc_custom_1759420349559{padding-top: 64px !important;padding-bottom: 0px !important;}&#8220;][vc_column width=&#8220;1\/3&#8243; css=&#8220;.vc_custom_1493730770993{padding-bottom: 50px !important;}&#8220;]<style type=\"text\/css\" data-type=\"the7_shortcodes-inline-css\">.shortcode-single-image-wrap.shortcode-single-image-d7f4d990674e3a9a275c456a4173467c.enable-bg-rollover .rollover i,\n.shortcode-single-image-wrap.shortcode-single-image-d7f4d990674e3a9a275c456a4173467c.enable-bg-rollover .rollover-video i {\n  background: -webkit-linear-gradient();\n  background: linear-gradient();\n}\n.shortcode-single-image-wrap.shortcode-single-image-d7f4d990674e3a9a275c456a4173467c .rollover-icon {\n  font-size: 32px;\n  color: #ffffff;\n  min-width: 44px;\n  min-height: 44px;\n  line-height: 44px;\n  border-radius: 100px;\n  border-style: solid;\n  border-width: 0px;\n}\n.dt-icon-bg-on.shortcode-single-image-wrap.shortcode-single-image-d7f4d990674e3a9a275c456a4173467c .rollover-icon {\n  background: rgba(255,255,255,0.3);\n  box-shadow: none;\n}<\/style><div class=\"shortcode-single-image-wrap shortcode-single-image-d7f4d990674e3a9a275c456a4173467c alignnone  vc_custom_1759423160133 enable-bg-rollover dt-icon-bg-off\" ><div class=\"shortcode-single-image\"><div class=\"fancy-media-wrap  layzr-bg\" style=\"\"><img fetchpriority=\"high\" decoding=\"async\" class=\"preload-me lazy-load aspect\" src=\"data:image\/svg+xml,%3Csvg%20xmlns%3D&#39;http%3A%2F%2Fwww.w3.org%2F2000%2Fsvg&#39;%20viewBox%3D&#39;0%200%20600%20600&#39;%2F%3E\" data-src=\"https:\/\/riscossa.gr\/wp-content\/uploads\/2025\/10\/deal.jpg\" data-srcset=\"https:\/\/riscossa.gr\/wp-content\/uploads\/2025\/10\/deal.jpg 600w\" loading=\"eager\" sizes=\"(max-width: 600px) 100vw, 600px\" width=\"600\" height=\"600\"  data-dt-location=\"https:\/\/riscossa.gr\/de\/services\/business-people-shaking-hands-after-successful-negotiations\/\" style=\"--ratio: 600 \/ 600;\" alt=\"\" \/><\/div><\/div><\/div>[\/vc_column][vc_column width=&#8220;2\/3&#8243;]<div id=\"ultimate-heading-312069f2f25e5265e\" class=\"uvc-heading ult-adjust-bottom-margin ultimate-heading-312069f2f25e5265e uvc-3686 \" data-hspacer=\"no_spacer\"  data-halign=\"left\" style=\"text-align:left\"><div class=\"uvc-heading-spacer no_spacer\" style=\"top\"><\/div><div class=\"uvc-main-heading ult-responsive\"  data-ultimate-target='.uvc-heading.ultimate-heading-312069f2f25e5265e h3'  data-responsive-json-new='{\"font-size\":\"desktop:18px;\",\"line-height\":\"desktop:28px;\"}' ><h3 style=\"font-weight:bold;margin-bottom:10px;\">Vertriebsentwicklung &amp; Markterweiterung<\/h3><\/div><\/div>[vc_column_text css=&#8220;.vc_custom_1759422405442{padding-bottom: 20px !important;}&#8220;]<strong>Neue M\u00f6glichkeiten, st\u00e4rkere Pr\u00e4senz.<\/strong><\/p>\n<p>Bei Riscossa Ltd haben wir den Business Growth Service entwickelt, einen umfassenden Service, der kleine und mittlere Unternehmen der Lebensmittelbranche in ihrer kommerziellen Entwicklung unterst\u00fctzt.<\/p>\n<p>Mit sorgf\u00e4ltig konzipierten Vertriebs- und Marktentwicklungsstrategien erweitern wir die Vertriebskan\u00e4le, f\u00f6rdern die Einf\u00fchrung neuer Produkte und st\u00e4rken die Pr\u00e4senz unserer Partner sowohl in Griechenland als auch im Ausland.<\/p>\n<p>Unser methodischer Ansatz, mit Fokus auf den Aufbau stabiler Partnerschaften, stattet Unternehmen mit den Mitteln aus, um ihre Wettbewerbsf\u00e4higkeit zu steigern und nachhaltiges Wachstum zu sichern.[\/vc_column_text][\/vc_column][\/vc_row][vc_row full_width=&#8220;stretch_row&#8220; equal_height=&#8220;yes&#8220; bg_type=&#8220;bg_color&#8220; type=&#8220;vc_default&#8220; css=&#8220;.vc_custom_1759420443064{padding-top: 64px !important;padding-bottom: 0px !important;}&#8220; bg_color_value=&#8220;#F1F1F1&#8243; el_class=&#8220;swap-columns&#8220;][vc_column width=&#8220;1\/3&#8243; css=&#8220;.vc_custom_1493730770993{padding-bottom: 50px !important;}&#8220;]<style type=\"text\/css\" data-type=\"the7_shortcodes-inline-css\">.shortcode-single-image-wrap.shortcode-single-image-0be95c2c428a09b221be12bcfbc44d40.enable-bg-rollover .rollover i,\n.shortcode-single-image-wrap.shortcode-single-image-0be95c2c428a09b221be12bcfbc44d40.enable-bg-rollover .rollover-video i {\n  background: -webkit-linear-gradient();\n  background: linear-gradient();\n}\n.shortcode-single-image-wrap.shortcode-single-image-0be95c2c428a09b221be12bcfbc44d40 .rollover-icon {\n  font-size: 32px;\n  color: #ffffff;\n  min-width: 44px;\n  min-height: 44px;\n  line-height: 44px;\n  border-radius: 100px;\n  border-style: solid;\n  border-width: 0px;\n}\n.dt-icon-bg-on.shortcode-single-image-wrap.shortcode-single-image-0be95c2c428a09b221be12bcfbc44d40 .rollover-icon {\n  background: rgba(255,255,255,0.3);\n  box-shadow: none;\n}<\/style><div class=\"shortcode-single-image-wrap shortcode-single-image-0be95c2c428a09b221be12bcfbc44d40 alignnone  vc_custom_1711021490452 enable-bg-rollover dt-icon-bg-off\" ><div class=\"shortcode-single-image\"><div class=\"fancy-media-wrap  layzr-bg\" style=\"\"><img decoding=\"async\" class=\"preload-me lazy-load aspect\" src=\"data:image\/svg+xml,%3Csvg%20xmlns%3D&#39;http%3A%2F%2Fwww.w3.org%2F2000%2Fsvg&#39;%20viewBox%3D&#39;0%200%20600%20600&#39;%2F%3E\" data-src=\"https:\/\/riscossa.gr\/wp-content\/uploads\/2024\/03\/business_meeting.jpg\" data-srcset=\"https:\/\/riscossa.gr\/wp-content\/uploads\/2024\/03\/business_meeting.jpg 600w\" loading=\"eager\" sizes=\"(max-width: 600px) 100vw, 600px\" width=\"600\" height=\"600\"  data-dt-location=\"https:\/\/riscossa.gr\/de\/services\/business_meeting\/\" style=\"--ratio: 600 \/ 600;\" alt=\"\" \/><\/div><\/div><\/div>[\/vc_column][vc_column width=&#8220;2\/3&#8243;]<div id=\"ultimate-heading-243669f2f25e530b2\" class=\"uvc-heading ult-adjust-bottom-margin ultimate-heading-243669f2f25e530b2 uvc-5638 \" data-hspacer=\"no_spacer\"  data-halign=\"left\" style=\"text-align:left\"><div class=\"uvc-heading-spacer no_spacer\" style=\"top\"><\/div><div class=\"uvc-main-heading ult-responsive\"  data-ultimate-target='.uvc-heading.ultimate-heading-243669f2f25e530b2 h3'  data-responsive-json-new='{\"font-size\":\"desktop:18px;\",\"line-height\":\"desktop:28px;\"}' ><h3 style=\"font-weight:bold;margin-bottom:10px;\">Strategische Gesch\u00e4ftsentwicklung<\/h3><\/div><\/div>[vc_column_text css=&#8220;.vc_custom_1745940182758{padding-bottom: 20px !important;}&#8220;]<\/p>\n<p class=\"\" data-start=\"344\" data-end=\"415\"><strong data-start=\"344\" data-end=\"415\">Entwickeln Sie Ihr Unternehmen mit zielgerichteten L\u00f6sungen und Know-how.<\/strong><\/p>\n<p class=\"\" data-start=\"417\" data-end=\"810\">Bei Riscossa Ltd arbeiten wir eng mit kleinen und mittleren Unternehmen der Lebensmittelbranche zusammen, um Wachstumsstrategien zu entwickeln und umzusetzen, die ihren einzigartigen Bed\u00fcrfnissen entsprechen. Durch ma\u00dfgeschneiderte F&amp;E-Dienstleistungen, Produktionsoptimierung und den Handel mit Rohstoffen bieten wir praktische L\u00f6sungen, die die Wettbewerbsf\u00e4higkeit und Effizienz unserer Kunden steigern. <\/p>\n<p class=\"\" data-start=\"812\" data-end=\"1010\">Unser Ansatz kombiniert technisches Fachwissen mit Gesch\u00e4ftsstrategie, sodass Sie Marktherausforderungen effektiv begegnen und neue Wachstumschancen nutzen k\u00f6nnen.<\/p>\n<p>[\/vc_column_text][\/vc_column][\/vc_row][vc_row full_width=&#8220;stretch_row&#8220; equal_height=&#8220;yes&#8220; type=&#8220;vc_default&#8220; css=&#8220;.vc_custom_1759420376963{padding-top: 64px !important;padding-bottom: 0px !important;}&#8220;][vc_column width=&#8220;1\/3&#8243; css=&#8220;.vc_custom_1493730770993{padding-bottom: 50px !important;}&#8220;]<style type=\"text\/css\" data-type=\"the7_shortcodes-inline-css\">.shortcode-single-image-wrap.shortcode-single-image-f4e4039a418eeae9302de476071042d8.enable-bg-rollover .rollover i,\n.shortcode-single-image-wrap.shortcode-single-image-f4e4039a418eeae9302de476071042d8.enable-bg-rollover .rollover-video i {\n  background: -webkit-linear-gradient();\n  background: linear-gradient();\n}\n.shortcode-single-image-wrap.shortcode-single-image-f4e4039a418eeae9302de476071042d8 .rollover-icon {\n  font-size: 32px;\n  color: #ffffff;\n  min-width: 44px;\n  min-height: 44px;\n  line-height: 44px;\n  border-radius: 100px;\n  border-style: solid;\n  border-width: 0px;\n}\n.dt-icon-bg-on.shortcode-single-image-wrap.shortcode-single-image-f4e4039a418eeae9302de476071042d8 .rollover-icon {\n  background: rgba(255,255,255,0.3);\n  box-shadow: none;\n}<\/style><div class=\"shortcode-single-image-wrap shortcode-single-image-f4e4039a418eeae9302de476071042d8 alignnone  vc_custom_1711024004732 enable-bg-rollover dt-icon-bg-off\" ><div class=\"shortcode-single-image\"><div class=\"fancy-media-wrap  layzr-bg\" style=\"\"><img decoding=\"async\" class=\"preload-me lazy-load aspect\" src=\"data:image\/svg+xml,%3Csvg%20xmlns%3D&#39;http%3A%2F%2Fwww.w3.org%2F2000%2Fsvg&#39;%20viewBox%3D&#39;0%200%20600%20600&#39;%2F%3E\" data-src=\"https:\/\/riscossa.gr\/wp-content\/uploads\/2024\/03\/team_of_food_consultants.jpg\" data-srcset=\"https:\/\/riscossa.gr\/wp-content\/uploads\/2024\/03\/team_of_food_consultants.jpg 600w\" loading=\"eager\" sizes=\"(max-width: 600px) 100vw, 600px\" width=\"600\" height=\"600\"  data-dt-location=\"https:\/\/riscossa.gr\/de\/services\/team_of_food_consultants\/\" style=\"--ratio: 600 \/ 600;\" alt=\"\" \/><\/div><\/div><\/div>[\/vc_column][vc_column width=&#8220;2\/3&#8243;]<div id=\"ultimate-heading-201869f2f25e539c1\" class=\"uvc-heading ult-adjust-bottom-margin ultimate-heading-201869f2f25e539c1 uvc-2548 \" data-hspacer=\"no_spacer\"  data-halign=\"left\" style=\"text-align:left\"><div class=\"uvc-heading-spacer no_spacer\" style=\"top\"><\/div><div class=\"uvc-main-heading ult-responsive\"  data-ultimate-target='.uvc-heading.ultimate-heading-201869f2f25e539c1 h3'  data-responsive-json-new='{\"font-size\":\"desktop:18px;\",\"line-height\":\"desktop:28px;\"}' ><h3 style=\"font-weight:bold;margin-bottom:10px;\">Umfassende Kundenbetreuung<\/h3><\/div><\/div>[vc_column_text css=&#8220;.vc_custom_1745940415796{padding-bottom: 20px !important;}&#8220;]<\/p>\n<p class=\"\" data-start=\"453\" data-end=\"499\"><strong data-start=\"453\" data-end=\"499\">Praktische L\u00f6sungen, echte Ergebnisse.<\/strong><\/p>\n<p class=\"\" data-start=\"501\" data-end=\"845\">Bei Riscossa Ltd bieten wir umfassende Beratungsdienstleistungen an, um jede Phase Ihrer Gesch\u00e4ftst\u00e4tigkeit zu unterst\u00fctzen.<br data-start=\"639\" data-end=\"642\">Von der Beschaffungsverwaltung und der Erstellung technischer Produktspezifikationen bis hin zur Implementierung von Qualit\u00e4tssicherungssystemen wie HACCP und ISO 22000 unterst\u00fctzen wir Sie mit Fachwissen und Zuverl\u00e4ssigkeit.<\/p>\n<p class=\"\" data-start=\"847\" data-end=\"1021\">Unser Ziel ist es, Ihre Produktion zu optimieren, die Effizienz zu steigern und Kosten zu senken, um konstant hohe Qualit\u00e4ts- und Sicherheitsstandards zu gew\u00e4hrleisten.<\/p>\n<p class=\"\" data-start=\"1023\" data-end=\"1076\"><strong data-start=\"1023\" data-end=\"1076\">Ihr Erfolg ist unser Ma\u00dfstab f\u00fcr Erfolg.<\/strong><\/p>\n<p>[\/vc_column_text][\/vc_column][\/vc_row][vc_row full_width=&#8220;stretch_row&#8220; equal_height=&#8220;yes&#8220; bg_type=&#8220;bg_color&#8220; type=&#8220;vc_default&#8220; css=&#8220;.vc_custom_1759420554876{padding-top: 64px !important;padding-bottom: 0px !important;}&#8220; bg_color_value=&#8220;#F1F1F1&#8243; el_class=&#8220;swap-columns&#8220;][vc_column width=&#8220;1\/3&#8243; css=&#8220;.vc_custom_1493730770993{padding-bottom: 50px !important;}&#8220;]<style type=\"text\/css\" data-type=\"the7_shortcodes-inline-css\">.shortcode-single-image-wrap.shortcode-single-image-b9c0da811b337cb796506b71ad825fc2.enable-bg-rollover .rollover i,\n.shortcode-single-image-wrap.shortcode-single-image-b9c0da811b337cb796506b71ad825fc2.enable-bg-rollover .rollover-video i {\n  background: -webkit-linear-gradient();\n  background: linear-gradient();\n}\n.shortcode-single-image-wrap.shortcode-single-image-b9c0da811b337cb796506b71ad825fc2 .rollover-icon {\n  font-size: 32px;\n  color: #ffffff;\n  min-width: 44px;\n  min-height: 44px;\n  line-height: 44px;\n  border-radius: 100px;\n  border-style: solid;\n  border-width: 0px;\n}\n.dt-icon-bg-on.shortcode-single-image-wrap.shortcode-single-image-b9c0da811b337cb796506b71ad825fc2 .rollover-icon {\n  background: rgba(255,255,255,0.3);\n  box-shadow: none;\n}<\/style><div class=\"shortcode-single-image-wrap shortcode-single-image-b9c0da811b337cb796506b71ad825fc2 alignnone  vc_custom_1711021496364 enable-bg-rollover dt-icon-bg-off\" ><div class=\"shortcode-single-image\"><div class=\"fancy-media-wrap  layzr-bg\" style=\"\"><img decoding=\"async\" class=\"preload-me lazy-load aspect\" src=\"data:image\/svg+xml,%3Csvg%20xmlns%3D&#39;http%3A%2F%2Fwww.w3.org%2F2000%2Fsvg&#39;%20viewBox%3D&#39;0%200%20600%20600&#39;%2F%3E\" data-src=\"https:\/\/riscossa.gr\/wp-content\/uploads\/2024\/03\/food_scientist_in_a_lab.jpg\" data-srcset=\"https:\/\/riscossa.gr\/wp-content\/uploads\/2024\/03\/food_scientist_in_a_lab.jpg 600w\" loading=\"eager\" sizes=\"(max-width: 600px) 100vw, 600px\" width=\"600\" height=\"600\"  data-dt-location=\"https:\/\/riscossa.gr\/de\/services\/food_scientist_in_a_lab\/\" style=\"--ratio: 600 \/ 600;\" alt=\"\" \/><\/div><\/div><\/div>[\/vc_column][vc_column width=&#8220;2\/3&#8243;]<div id=\"ultimate-heading-368169f2f25e54332\" class=\"uvc-heading ult-adjust-bottom-margin ultimate-heading-368169f2f25e54332 uvc-509 \" data-hspacer=\"no_spacer\"  data-halign=\"left\" style=\"text-align:left\"><div class=\"uvc-heading-spacer no_spacer\" style=\"top\"><\/div><div class=\"uvc-main-heading ult-responsive\"  data-ultimate-target='.uvc-heading.ultimate-heading-368169f2f25e54332 h3'  data-responsive-json-new='{\"font-size\":\"desktop:18px;\",\"line-height\":\"desktop:28px;\"}' ><h3 style=\"font-weight:bold;margin-bottom:10px;\">Entwicklung innovativer Produkte<\/h3><\/div><\/div>[vc_column_text css=&#8220;.vc_custom_1745940312864{padding-bottom: 20px !important;}&#8220;]<\/p>\n<p class=\"\" data-start=\"331\" data-end=\"365\"><strong data-start=\"331\" data-end=\"365\">Von der Idee ins Regal \u2014 gemeinsam.<\/strong><\/p>\n<p class=\"\" data-start=\"367\" data-end=\"645\">Bei Riscossa Ltd sind wir auf die Entwicklung <strong data-start=\"414\" data-end=\"444\">neuer, innovativer Produkte<\/strong> spezialisiert, die den Anforderungen des modernen Marktes entsprechen.<br data-start=\"502\" data-end=\"505\">Wir entwerfen ma\u00dfgeschneiderte Rezepturen, entwickeln neue Geschmacksrichtungen und Formeln und verwandeln Ihre Ideen in kommerziell erfolgreiche Produkte.<\/p>\n<p class=\"\" data-start=\"647\" data-end=\"858\">Basierend auf internationalen Trends, technischen Produktionsanforderungen und den spezifischen Bed\u00fcrfnissen jedes Unternehmens bieten wir umfassende F&amp;E-L\u00f6sungen, die Ihnen einen Wettbewerbsvorteil verschaffen und neue M\u00e4rkte erschlie\u00dfen.<\/p>\n<p class=\"\" data-start=\"860\" data-end=\"930\"><strong data-start=\"860\" data-end=\"930\">Innovation ist f\u00fcr uns keine Theorie \u2014 sie ist ein Entwicklungsinstrument.<\/strong><\/p>\n<p style=\"text-align: justify;\">.<\/p>\n<p>[\/vc_column_text][\/vc_column][\/vc_row]<\/p>\n<\/div>","protected":false},"excerpt":{"rendered":"<p>[vc_row full_width=&#8220;stretch_row&#8220; equal_height=&#8220;yes&#8220; type=&#8220;vc_default&#8220; css=&#8220;.vc_custom_1759420349559{padding-top: 64px !important;padding-bottom: 0px !important;}&#8220;][vc_column width=&#8220;1\/3&#8243; css=&#8220;.vc_custom_1493730770993{padding-bottom: 50px !important;}&#8220;][\/vc_column][vc_column width=&#8220;2\/3&#8243;][vc_column_text css=&#8220;.vc_custom_1759422405442{padding-bottom: 20px !important;}&#8220;]Neue M\u00f6glichkeiten, st\u00e4rkere Pr\u00e4senz. Bei Riscossa Ltd haben wir den Business Growth Service entwickelt, einen umfassenden Service, der kleine und mittlere Unternehmen der Lebensmittelbranche in ihrer kommerziellen Entwicklung unterst\u00fctzt. Mit sorgf\u00e4ltig konzipierten Vertriebs- und Marktentwicklungsstrategien erweitern wir die Vertriebskan\u00e4le,&hellip;<\/p>\n","protected":false},"author":1,"featured_media":0,"parent":0,"menu_order":2,"comment_status":"closed","ping_status":"closed","template":"","meta":{"footnotes":""},"class_list":["post-1435","page","type-page","status-publish","hentry","description-off"],"_links":{"self":[{"href":"https:\/\/riscossa.gr\/de\/wp-json\/wp\/v2\/pages\/1435","targetHints":{"allow":["GET"]}}],"collection":[{"href":"https:\/\/riscossa.gr\/de\/wp-json\/wp\/v2\/pages"}],"about":[{"href":"https:\/\/riscossa.gr\/de\/wp-json\/wp\/v2\/types\/page"}],"author":[{"embeddable":true,"href":"https:\/\/riscossa.gr\/de\/wp-json\/wp\/v2\/users\/1"}],"replies":[{"embeddable":true,"href":"https:\/\/riscossa.gr\/de\/wp-json\/wp\/v2\/comments?post=1435"}],"version-history":[{"count":4,"href":"https:\/\/riscossa.gr\/de\/wp-json\/wp\/v2\/pages\/1435\/revisions"}],"predecessor-version":[{"id":1459,"href":"https:\/\/riscossa.gr\/de\/wp-json\/wp\/v2\/pages\/1435\/revisions\/1459"}],"wp:attachment":[{"href":"https:\/\/riscossa.gr\/de\/wp-json\/wp\/v2\/media?parent=1435"}],"curies":[{"name":"wp","href":"https:\/\/api.w.org\/{rel}","templated":true}]}}